{"id":733,"date":"2022-03-08T07:26:15","date_gmt":"2022-03-08T07:26:15","guid":{"rendered":"https:\/\/capconsult.live-website.com\/?page_id=733"},"modified":"2022-08-30T11:24:33","modified_gmt":"2022-08-30T11:24:33","slug":"impressum","status":"publish","type":"page","link":"https:\/\/cap-consult.de\/en\/impressum\/","title":{"rendered":"Imprint"},"content":{"rendered":"<div data-elementor-type=\"wp-page\" data-elementor-id=\"733\" class=\"elementor elementor-733\">\n\t\t\t\t\t\t\t\t\t<section class=\"elementor-section elementor-top-section elementor-element elementor-element-6d473e1 elementor-section-boxed elementor-section-height-default elementor-section-height-default\" data-id=\"6d473e1\" data-element_type=\"section\">\n\t\t\t\t\t\t<div class=\"elementor-container elementor-column-gap-default\">\n\t\t\t\t\t<div class=\"elementor-column elementor-col-100 elementor-top-column elementor-element elementor-element-e238300\" data-id=\"e238300\" data-element_type=\"column\">\n\t\t\t<div class=\"elementor-widget-wrap elementor-element-populated\">\n\t\t\t\t\t\t\t\t<div class=\"elementor-element elementor-element-87fcd64 elementor-widget elementor-widget-heading\" data-id=\"87fcd64\" data-element_type=\"widget\" data-widget_type=\"heading.default\">\n\t\t\t\t<div class=\"elementor-widget-container\">\n\t\t\t<style>\/*! elementor - v3.11.1 - 15-02-2023 *\/\n.elementor-heading-title{padding:0;margin:0;line-height:1}.elementor-widget-heading .elementor-heading-title[class*=elementor-size-]>a{color:inherit;font-size:inherit;line-height:inherit}.elementor-widget-heading .elementor-heading-title.elementor-size-small{font-size:15px}.elementor-widget-heading .elementor-heading-title.elementor-size-medium{font-size:19px}.elementor-widget-heading .elementor-heading-title.elementor-size-large{font-size:29px}.elementor-widget-heading .elementor-heading-title.elementor-size-xl{font-size:39px}.elementor-widget-heading .elementor-heading-title.elementor-size-xxl{font-size:59px}<\/style><h2 class=\"elementor-heading-title elementor-size-default\">Imprint<\/h2>\t\t<\/div>\n\t\t\t\t<\/div>\n\t\t\t\t<div class=\"elementor-element elementor-element-2612d8b elementor-widget elementor-widget-text-editor\" data-id=\"2612d8b\" data-element_type=\"widget\" data-widget_type=\"text-editor.default\">\n\t\t\t\t<div class=\"elementor-widget-container\">\n\t\t\t<style>\/*! elementor - v3.11.1 - 15-02-2023 *\/\n.elementor-widget-text-editor.elementor-drop-cap-view-stacked .elementor-drop-cap{background-color:#818a91;color:#fff}.elementor-widget-text-editor.elementor-drop-cap-view-framed .elementor-drop-cap{color:#818a91;border:3px solid;background-color:transparent}.elementor-widget-text-editor:not(.elementor-drop-cap-view-default) .elementor-drop-cap{margin-top:8px}.elementor-widget-text-editor:not(.elementor-drop-cap-view-default) .elementor-drop-cap-letter{width:1em;height:1em}.elementor-widget-text-editor .elementor-drop-cap{float:left;text-align:center;line-height:1;font-size:50px}.elementor-widget-text-editor .elementor-drop-cap-letter{display:inline-block}<\/style>\t\t\t\t<h4>Owner of the site and responsible for the content according to \u00a7 10 paragraph 3 MDStV:<\/h4>\n<p><strong>Cap Consult e.K.<\/strong><br>Owner: Jan Sindram<br>Kaiser-Otto-Stra\u00dfe 67<br>50259 Pulheim - Germany<br>Germany<\/p>\n<div>\n<p>E-Mail: <u><a href=\"mailto:jonas@cap-consult.de\">info@cap-consult.de<\/a><br><\/u>Phone: +49 (0)2234 4354695<\/p>\n<p>Commercial register: Cologne HRA 36396<br><\/p>\n<p>German tax identification number according to \u00a7 27a Sales Tax Act: DE311 803 748<\/p>\n<div class=\"textblock\">\n<h4>Disclaimer<\/h4>\n<p>Despite careful control, we assume no liability for the content of external links. The operators of these sites are solely responsible for their content.<\/p>\n<\/div>\n<div class=\"textblock\">\n<h4>Copyright<\/h4>\n<p>The content of this website is subject to copyright and competition law protection. Any duplication, distribution or public reproduction, including parts thereof, expressly requires prior written permission. This applies in particular to all illustrations and photos.<\/p>\n<\/div>\n<\/div>\t\t\t\t\t\t<\/div>\n\t\t\t\t<\/div>\n\t\t\t\t\t<\/div>\n\t\t<\/div>\n\t\t\t\t\t\t\t<\/div>\n\t\t<\/section>\n\t\t\t\t\t\t\t<\/div>","protected":false},"excerpt":{"rendered":"<p>Impressum Inhaber der Seite und inhaltlich verantwortlich gem\u00e4\u00df \u00a7 10 Absatz 3 MDStV: Cap Consult e.K.Inhaber: Jan SindramKaiser-Otto-Stra\u00dfe 6750259 PulheimDeutschland E-Mail: info@cap-consult.deTelefon: +49 (0)2234 4354695 Amtsgericht K\u00f6ln HRA 36396 Umsatzsteuer-Identifikationsnummer gem\u00e4\u00df \u00a7 27 a Umsatzsteuergesetz: DE311 803 748 Disclaimer Trotz sorgf\u00e4ltiger Kontrolle \u00fcbernehmen wir keine Haftung f\u00fcr die Inhalte externer Links. F\u00fcr deren Inhalt sind &hellip;<\/p>\n<p class=\"read-more\"> <a class=\"\" href=\"https:\/\/cap-consult.de\/en\/impressum\/\"> <span class=\"screen-reader-text\">Imprint<\/span> Read More &raquo;<\/a><\/p>","protected":false},"author":1,"featured_media":0,"parent":0,"menu_order":0,"comment_status":"closed","ping_status":"closed","template":"","meta":{"_mi_skip_tracking":false,"site-sidebar-layout":"no-sidebar","site-content-layout":"page-builder","ast-global-header-display":"","ast-main-header-display":"","ast-hfb-above-header-display":"","ast-hfb-below-header-display":"","ast-hfb-mobile-header-display":"","site-post-title":"disabled","ast-breadcrumbs-content":"","ast-featured-img":"disabled","footer-sml-layout":"","theme-transparent-header-meta":"","adv-header-id-meta":"","stick-header-meta":"","header-above-stick-meta":"","header-main-stick-meta":"","header-below-stick-meta":"","footnotes":""},"class_list":["post-733","page","type-page","status-publish","hentry"],"aioseo_notices":[],"_links":{"self":[{"href":"https:\/\/cap-consult.de\/en\/wp-json\/wp\/v2\/pages\/733","targetHints":{"allow":["GET"]}}],"collection":[{"href":"https:\/\/cap-consult.de\/en\/wp-json\/wp\/v2\/pages"}],"about":[{"href":"https:\/\/cap-consult.de\/en\/wp-json\/wp\/v2\/types\/page"}],"author":[{"embeddable":true,"href":"https:\/\/cap-consult.de\/en\/wp-json\/wp\/v2\/users\/1"}],"replies":[{"embeddable":true,"href":"https:\/\/cap-consult.de\/en\/wp-json\/wp\/v2\/comments?post=733"}],"version-history":[{"count":13,"href":"https:\/\/cap-consult.de\/en\/wp-json\/wp\/v2\/pages\/733\/revisions"}],"predecessor-version":[{"id":1021,"href":"https:\/\/cap-consult.de\/en\/wp-json\/wp\/v2\/pages\/733\/revisions\/1021"}],"wp:attachment":[{"href":"https:\/\/cap-consult.de\/en\/wp-json\/wp\/v2\/media?parent=733"}],"curies":[{"name":"wp","href":"https:\/\/api.w.org\/{rel}","templated":true}]}}